{"id":94,"date":"2016-12-04T18:16:20","date_gmt":"2016-12-04T18:16:20","guid":{"rendered":"http:\/\/casadanesa.apps-1and1.net\/?post_type=product&#038;p=94"},"modified":"2024-03-01T16:34:26","modified_gmt":"2024-03-01T16:34:26","slug":"test-5","status":"publish","type":"product","link":"https:\/\/orbixandorra.com\/index.php\/producto\/test-5\/","title":{"rendered":"Silla de campa\u00f1a en cuero curtido"},"content":{"rendered":"","protected":false},"excerpt":{"rendered":"<p>Suave acabado en \u00a0cuero curtido.\u00a0 Bastidor de montaje de madera maciza.\u00a0Dise\u00f1ada originalmente por los proveedores del Ej\u00e9rcito y la Armada de Londres para los oficiales del Ej\u00e9rcito Imperial que se hab\u00edan de desplazar continuamente. Especialmente concebida para ofrecer comodidad en terreno\u00a0 desigual; su flexibilidad sorprende. 55x56x89cm.<\/p>\n","protected":false},"featured_media":153,"comment_status":"closed","ping_status":"closed","template":"","meta":[],"product_brand":[],"product_cat":[9],"product_tag":[],"class_list":{"0":"post-94","1":"product","2":"type-product","3":"status-publish","4":"has-post-thumbnail","6":"product_cat-vintage","8":"first","9":"instock","10":"purchasable","11":"product-type-simple"},"_links":{"self":[{"href":"https:\/\/orbixandorra.com\/index.php\/wp-json\/wp\/v2\/product\/94","targetHints":{"allow":["GET"]}}],"collection":[{"href":"https:\/\/orbixandorra.com\/index.php\/wp-json\/wp\/v2\/product"}],"about":[{"href":"https:\/\/orbixandorra.com\/index.php\/wp-json\/wp\/v2\/types\/product"}],"replies":[{"embeddable":true,"href":"https:\/\/orbixandorra.com\/index.php\/wp-json\/wp\/v2\/comments?post=94"}],"wp:featuredmedia":[{"embeddable":true,"href":"https:\/\/orbixandorra.com\/index.php\/wp-json\/wp\/v2\/media\/153"}],"wp:attachment":[{"href":"https:\/\/orbixandorra.com\/index.php\/wp-json\/wp\/v2\/media?parent=94"}],"wp:term":[{"taxonomy":"product_brand","embeddable":true,"href":"https:\/\/orbixandorra.com\/index.php\/wp-json\/wp\/v2\/product_brand?post=94"},{"taxonomy":"product_cat","embeddable":true,"href":"https:\/\/orbixandorra.com\/index.php\/wp-json\/wp\/v2\/product_cat?post=94"},{"taxonomy":"product_tag","embeddable":true,"href":"https:\/\/orbixandorra.com\/index.php\/wp-json\/wp\/v2\/product_tag?post=94"}],"curies":[{"name":"wp","href":"https:\/\/api.w.org\/{rel}","templated":true}]}}