{"id":93,"date":"2016-12-04T18:15:26","date_gmt":"2016-12-04T18:15:26","guid":{"rendered":"http:\/\/casadanesa.apps-1and1.net\/?post_type=product&#038;p=93"},"modified":"2024-03-01T16:32:46","modified_gmt":"2024-03-01T16:32:46","slug":"test-4","status":"publish","type":"product","link":"https:\/\/orbixandorra.com\/index.php\/producto\/test-4\/","title":{"rendered":"Ba\u00fal mesa color marfil"},"content":{"rendered":"","protected":false},"excerpt":{"rendered":"<p>Ba\u00fal de madera de estilo victoriano, dise\u00f1ado para el transporte de equipajes en condiciones severas. Su tama\u00f1o le permite ser una original mesa cuando es necesario. Reforzado con piel y lat\u00f3n en sus zonas de contacto.\u00a0 Cierre con llave. Gran capacidad con forma eficiente (45 x 53.1 x 55.9cm). Color marfil\u00a0y madera natural.<\/p>\n","protected":false},"featured_media":145,"comment_status":"closed","ping_status":"closed","template":"","meta":[],"product_brand":[],"product_cat":[9],"product_tag":[],"class_list":{"0":"post-93","1":"product","2":"type-product","3":"status-publish","4":"has-post-thumbnail","6":"product_cat-vintage","8":"first","9":"outofstock","10":"purchasable","11":"product-type-simple"},"_links":{"self":[{"href":"https:\/\/orbixandorra.com\/index.php\/wp-json\/wp\/v2\/product\/93","targetHints":{"allow":["GET"]}}],"collection":[{"href":"https:\/\/orbixandorra.com\/index.php\/wp-json\/wp\/v2\/product"}],"about":[{"href":"https:\/\/orbixandorra.com\/index.php\/wp-json\/wp\/v2\/types\/product"}],"replies":[{"embeddable":true,"href":"https:\/\/orbixandorra.com\/index.php\/wp-json\/wp\/v2\/comments?post=93"}],"wp:featuredmedia":[{"embeddable":true,"href":"https:\/\/orbixandorra.com\/index.php\/wp-json\/wp\/v2\/media\/145"}],"wp:attachment":[{"href":"https:\/\/orbixandorra.com\/index.php\/wp-json\/wp\/v2\/media?parent=93"}],"wp:term":[{"taxonomy":"product_brand","embeddable":true,"href":"https:\/\/orbixandorra.com\/index.php\/wp-json\/wp\/v2\/product_brand?post=93"},{"taxonomy":"product_cat","embeddable":true,"href":"https:\/\/orbixandorra.com\/index.php\/wp-json\/wp\/v2\/product_cat?post=93"},{"taxonomy":"product_tag","embeddable":true,"href":"https:\/\/orbixandorra.com\/index.php\/wp-json\/wp\/v2\/product_tag?post=93"}],"curies":[{"name":"wp","href":"https:\/\/api.w.org\/{rel}","templated":true}]}}