{"id":665,"date":"2018-08-10T11:23:33","date_gmt":"2018-08-10T11:23:33","guid":{"rendered":"https:\/\/orbixandorra.com\/?post_type=product&#038;p=665"},"modified":"2025-04-11T16:11:24","modified_gmt":"2025-04-11T16:11:24","slug":"mova-globe-fisico-politica-en-blanco-y-oro","status":"publish","type":"product","link":"https:\/\/orbixandorra.com\/index.php\/producto\/mova-globe-fisico-politica-en-blanco-y-oro\/","title":{"rendered":"Mova Globe f\u00edsico-pol\u00edtica en blanco y oro"},"content":{"rendered":"","protected":false},"excerpt":{"rendered":"<p>Espectacular y novedoso globo terr\u00e1queo que gira con la fuerza del campo magn\u00e9tico de la tierra y la energ\u00eda lum\u00ednica ambiental, no precisa ni pilas, ni corriente. Hecho con tecnolog\u00eda punta y materiales de alta calidad. 4,5\u2033 (11,50cm.) de di\u00e1metro. Incluye la base transparente que se ve en la fotograf\u00eda.<\/p>\n<p>Este modelo en color\u00a0blanco y oro es la \u00faltima novedad de la colecci\u00f3n y uno de los m\u00e1s apreciados por su aporte elegante, est\u00e9tico y decorativo.<\/p>\n","protected":false},"featured_media":666,"comment_status":"closed","ping_status":"closed","template":"","meta":[],"product_brand":[],"product_cat":[10],"product_tag":[],"class_list":{"0":"post-665","1":"product","2":"type-product","3":"status-publish","4":"has-post-thumbnail","6":"product_cat-mova-globe","8":"first","9":"outofstock","10":"purchasable","11":"product-type-simple"},"_links":{"self":[{"href":"https:\/\/orbixandorra.com\/index.php\/wp-json\/wp\/v2\/product\/665","targetHints":{"allow":["GET"]}}],"collection":[{"href":"https:\/\/orbixandorra.com\/index.php\/wp-json\/wp\/v2\/product"}],"about":[{"href":"https:\/\/orbixandorra.com\/index.php\/wp-json\/wp\/v2\/types\/product"}],"replies":[{"embeddable":true,"href":"https:\/\/orbixandorra.com\/index.php\/wp-json\/wp\/v2\/comments?post=665"}],"wp:featuredmedia":[{"embeddable":true,"href":"https:\/\/orbixandorra.com\/index.php\/wp-json\/wp\/v2\/media\/666"}],"wp:attachment":[{"href":"https:\/\/orbixandorra.com\/index.php\/wp-json\/wp\/v2\/media?parent=665"}],"wp:term":[{"taxonomy":"product_brand","embeddable":true,"href":"https:\/\/orbixandorra.com\/index.php\/wp-json\/wp\/v2\/product_brand?post=665"},{"taxonomy":"product_cat","embeddable":true,"href":"https:\/\/orbixandorra.com\/index.php\/wp-json\/wp\/v2\/product_cat?post=665"},{"taxonomy":"product_tag","embeddable":true,"href":"https:\/\/orbixandorra.com\/index.php\/wp-json\/wp\/v2\/product_tag?post=665"}],"curies":[{"name":"wp","href":"https:\/\/api.w.org\/{rel}","templated":true}]}}