{"id":620,"date":"2018-06-18T16:54:39","date_gmt":"2018-06-18T16:54:39","guid":{"rendered":"https:\/\/orbixandorra.com\/?post_type=product&#038;p=620"},"modified":"2022-06-11T15:25:34","modified_gmt":"2022-06-11T15:25:34","slug":"desktop-fokker-triplane","status":"publish","type":"product","link":"https:\/\/orbixandorra.com\/index.php\/producto\/desktop-fokker-triplane\/","title":{"rendered":"Desktop Fokker Triplane"},"content":{"rendered":"","protected":false},"excerpt":{"rendered":"<p>Espectacular r\u00e9plica de este magn\u00edfico triplano, m\u00e1s conocido como \u00abBar\u00f3n Rojo\u00bb por sus haza\u00f1as b\u00e9licas.<\/p>\n<p>R\u00e9plica con multitud de detalles en los que se utiliza cuero, madera de abeto y contrachapada, algod\u00f3n y metal.<\/p>\n<p>Medidas: 38,50x47x19cm.<\/p>\n","protected":false},"featured_media":621,"comment_status":"closed","ping_status":"closed","template":"","meta":[],"product_brand":[],"product_cat":[9],"product_tag":[],"class_list":{"0":"post-620","1":"product","2":"type-product","3":"status-publish","4":"has-post-thumbnail","6":"product_cat-vintage","8":"first","9":"outofstock","10":"purchasable","11":"product-type-simple"},"_links":{"self":[{"href":"https:\/\/orbixandorra.com\/index.php\/wp-json\/wp\/v2\/product\/620","targetHints":{"allow":["GET"]}}],"collection":[{"href":"https:\/\/orbixandorra.com\/index.php\/wp-json\/wp\/v2\/product"}],"about":[{"href":"https:\/\/orbixandorra.com\/index.php\/wp-json\/wp\/v2\/types\/product"}],"replies":[{"embeddable":true,"href":"https:\/\/orbixandorra.com\/index.php\/wp-json\/wp\/v2\/comments?post=620"}],"wp:featuredmedia":[{"embeddable":true,"href":"https:\/\/orbixandorra.com\/index.php\/wp-json\/wp\/v2\/media\/621"}],"wp:attachment":[{"href":"https:\/\/orbixandorra.com\/index.php\/wp-json\/wp\/v2\/media?parent=620"}],"wp:term":[{"taxonomy":"product_brand","embeddable":true,"href":"https:\/\/orbixandorra.com\/index.php\/wp-json\/wp\/v2\/product_brand?post=620"},{"taxonomy":"product_cat","embeddable":true,"href":"https:\/\/orbixandorra.com\/index.php\/wp-json\/wp\/v2\/product_cat?post=620"},{"taxonomy":"product_tag","embeddable":true,"href":"https:\/\/orbixandorra.com\/index.php\/wp-json\/wp\/v2\/product_tag?post=620"}],"curies":[{"name":"wp","href":"https:\/\/api.w.org\/{rel}","templated":true}]}}