{"id":613,"date":"2018-05-22T16:19:38","date_gmt":"2018-05-22T16:19:38","guid":{"rendered":"https:\/\/orbixandorra.com\/?post_type=product&#038;p=613"},"modified":"2022-12-25T22:17:12","modified_gmt":"2022-12-25T22:17:12","slug":"domino-del-renacimiento","status":"publish","type":"product","link":"https:\/\/orbixandorra.com\/index.php\/producto\/domino-del-renacimiento\/","title":{"rendered":"Domino del renacimiento"},"content":{"rendered":"","protected":false},"excerpt":{"rendered":"<p>Este domin\u00f3 es un homenaje a los personajes ilustres del renacimiento a la vez que una linda decoraci\u00f3n de tipo hist\u00f3rico. La piezas se presentan en una artesanal bandeja de madera con acabado franc\u00e9s.<\/p>\n<p>Medidas:\u00a0\u00a021.1 X 29 X 1.8CM<\/p>\n","protected":false},"featured_media":614,"comment_status":"closed","ping_status":"closed","template":"","meta":[],"product_brand":[],"product_cat":[11,9],"product_tag":[],"class_list":{"0":"post-613","1":"product","2":"type-product","3":"status-publish","4":"has-post-thumbnail","6":"product_cat-juegos-de-mesa","7":"product_cat-vintage","9":"first","10":"outofstock","11":"purchasable","12":"product-type-simple"},"_links":{"self":[{"href":"https:\/\/orbixandorra.com\/index.php\/wp-json\/wp\/v2\/product\/613","targetHints":{"allow":["GET"]}}],"collection":[{"href":"https:\/\/orbixandorra.com\/index.php\/wp-json\/wp\/v2\/product"}],"about":[{"href":"https:\/\/orbixandorra.com\/index.php\/wp-json\/wp\/v2\/types\/product"}],"replies":[{"embeddable":true,"href":"https:\/\/orbixandorra.com\/index.php\/wp-json\/wp\/v2\/comments?post=613"}],"wp:featuredmedia":[{"embeddable":true,"href":"https:\/\/orbixandorra.com\/index.php\/wp-json\/wp\/v2\/media\/614"}],"wp:attachment":[{"href":"https:\/\/orbixandorra.com\/index.php\/wp-json\/wp\/v2\/media?parent=613"}],"wp:term":[{"taxonomy":"product_brand","embeddable":true,"href":"https:\/\/orbixandorra.com\/index.php\/wp-json\/wp\/v2\/product_brand?post=613"},{"taxonomy":"product_cat","embeddable":true,"href":"https:\/\/orbixandorra.com\/index.php\/wp-json\/wp\/v2\/product_cat?post=613"},{"taxonomy":"product_tag","embeddable":true,"href":"https:\/\/orbixandorra.com\/index.php\/wp-json\/wp\/v2\/product_tag?post=613"}],"curies":[{"name":"wp","href":"https:\/\/api.w.org\/{rel}","templated":true}]}}