{"id":573,"date":"2018-05-10T16:08:29","date_gmt":"2018-05-10T16:08:29","guid":{"rendered":"https:\/\/orbixandorra.com\/?post_type=product&#038;p=573"},"modified":"2021-11-27T16:17:22","modified_gmt":"2021-11-27T16:17:22","slug":"ajedrez-mueble","status":"publish","type":"product","link":"https:\/\/orbixandorra.com\/index.php\/producto\/ajedrez-mueble\/","title":{"rendered":"Ajedrez mueble"},"content":{"rendered":"","protected":false},"excerpt":{"rendered":"<p>Precioso tablero de ajedrez con doble cajonera. Madera maciza, esquinas de bronce y acabado franc\u00e9s. No incluye las piezas de juego. Recomendamos las Classic Staunton Chess Set, tambi\u00e9n disponibles en nuestro men\u00fa Vintage.<\/p>\n<p>Medidas:\u00a045 X 45 X 66CM, incluyendo sus patas de madera curvada.<\/p>\n","protected":false},"featured_media":574,"comment_status":"closed","ping_status":"closed","template":"","meta":[],"product_brand":[],"product_cat":[9],"product_tag":[],"class_list":{"0":"post-573","1":"product","2":"type-product","3":"status-publish","4":"has-post-thumbnail","6":"product_cat-vintage","8":"first","9":"outofstock","10":"purchasable","11":"product-type-simple"},"_links":{"self":[{"href":"https:\/\/orbixandorra.com\/index.php\/wp-json\/wp\/v2\/product\/573","targetHints":{"allow":["GET"]}}],"collection":[{"href":"https:\/\/orbixandorra.com\/index.php\/wp-json\/wp\/v2\/product"}],"about":[{"href":"https:\/\/orbixandorra.com\/index.php\/wp-json\/wp\/v2\/types\/product"}],"replies":[{"embeddable":true,"href":"https:\/\/orbixandorra.com\/index.php\/wp-json\/wp\/v2\/comments?post=573"}],"wp:featuredmedia":[{"embeddable":true,"href":"https:\/\/orbixandorra.com\/index.php\/wp-json\/wp\/v2\/media\/574"}],"wp:attachment":[{"href":"https:\/\/orbixandorra.com\/index.php\/wp-json\/wp\/v2\/media?parent=573"}],"wp:term":[{"taxonomy":"product_brand","embeddable":true,"href":"https:\/\/orbixandorra.com\/index.php\/wp-json\/wp\/v2\/product_brand?post=573"},{"taxonomy":"product_cat","embeddable":true,"href":"https:\/\/orbixandorra.com\/index.php\/wp-json\/wp\/v2\/product_cat?post=573"},{"taxonomy":"product_tag","embeddable":true,"href":"https:\/\/orbixandorra.com\/index.php\/wp-json\/wp\/v2\/product_tag?post=573"}],"curies":[{"name":"wp","href":"https:\/\/api.w.org\/{rel}","templated":true}]}}