{"id":563,"date":"2018-05-10T14:50:59","date_gmt":"2018-05-10T14:50:59","guid":{"rendered":"https:\/\/orbixandorra.com\/?post_type=product&#038;p=563"},"modified":"2024-03-01T16:36:59","modified_gmt":"2024-03-01T16:36:59","slug":"mueble-polo-club-bar-black","status":"publish","type":"product","link":"https:\/\/orbixandorra.com\/index.php\/producto\/mueble-polo-club-bar-black\/","title":{"rendered":"Mueble Polo Club Bar, Black"},"content":{"rendered":"","protected":false},"excerpt":{"rendered":"<p>Excepcional mueble bar con el formato de un bello ba\u00fal de \u00e9poca. Dotado de ruedas se desplaza con toda suavidad. Suficientemente grande para ser un espl\u00e9ndido mueble bar y suficientemente peque\u00f1o para llevarlo de viaje ya que puede ser transportado con veh\u00edculos convencionales (amplios, eso si). Acabados y complementos en lona, cuero curtido y bronce.<\/p>\n<p>Medidas:\u00a060.2 X 53.6 X 98CM<\/p>\n","protected":false},"featured_media":564,"comment_status":"closed","ping_status":"closed","template":"","meta":[],"product_brand":[],"product_cat":[9],"product_tag":[],"class_list":{"0":"post-563","1":"product","2":"type-product","3":"status-publish","4":"has-post-thumbnail","6":"product_cat-vintage","8":"first","9":"outofstock","10":"purchasable","11":"product-type-simple"},"_links":{"self":[{"href":"https:\/\/orbixandorra.com\/index.php\/wp-json\/wp\/v2\/product\/563","targetHints":{"allow":["GET"]}}],"collection":[{"href":"https:\/\/orbixandorra.com\/index.php\/wp-json\/wp\/v2\/product"}],"about":[{"href":"https:\/\/orbixandorra.com\/index.php\/wp-json\/wp\/v2\/types\/product"}],"replies":[{"embeddable":true,"href":"https:\/\/orbixandorra.com\/index.php\/wp-json\/wp\/v2\/comments?post=563"}],"wp:featuredmedia":[{"embeddable":true,"href":"https:\/\/orbixandorra.com\/index.php\/wp-json\/wp\/v2\/media\/564"}],"wp:attachment":[{"href":"https:\/\/orbixandorra.com\/index.php\/wp-json\/wp\/v2\/media?parent=563"}],"wp:term":[{"taxonomy":"product_brand","embeddable":true,"href":"https:\/\/orbixandorra.com\/index.php\/wp-json\/wp\/v2\/product_brand?post=563"},{"taxonomy":"product_cat","embeddable":true,"href":"https:\/\/orbixandorra.com\/index.php\/wp-json\/wp\/v2\/product_cat?post=563"},{"taxonomy":"product_tag","embeddable":true,"href":"https:\/\/orbixandorra.com\/index.php\/wp-json\/wp\/v2\/product_tag?post=563"}],"curies":[{"name":"wp","href":"https:\/\/api.w.org\/{rel}","templated":true}]}}