{"id":556,"date":"2018-05-09T15:48:27","date_gmt":"2018-05-09T15:48:27","guid":{"rendered":"https:\/\/orbixandorra.com\/?post_type=product&#038;p=556"},"modified":"2024-03-01T16:19:59","modified_gmt":"2024-03-01T16:19:59","slug":"mesa-con-globo-terraqueo","status":"publish","type":"product","link":"https:\/\/orbixandorra.com\/index.php\/producto\/mesa-con-globo-terraqueo\/","title":{"rendered":"Mesa con globo terraqueo"},"content":{"rendered":"","protected":false},"excerpt":{"rendered":"<p>Imponente mesa de trabajo con un globo terr\u00e1queo giratorio incorporado. Espacio protegido con l\u00e1mina de cristal para aquellos objetos especiales que han de estar cubiertos pero visibles. Madera maciza con acabado franc\u00e9s. Esta mesa es la r\u00e9plica de las utilizadas por la RAJ Brit\u00e1nica y el gobierno colonial franc\u00e9s. Hechas para ser indestructibles ya que estaban desplaz\u00e1ndose continuamente.<\/p>\n<p>Medidas:\u00a0\u00a083.8 X 110.5 X 67.3CM<\/p>\n","protected":false},"featured_media":557,"comment_status":"closed","ping_status":"closed","template":"","meta":[],"product_brand":[],"product_cat":[9],"product_tag":[],"class_list":{"0":"post-556","1":"product","2":"type-product","3":"status-publish","4":"has-post-thumbnail","6":"product_cat-vintage","8":"first","9":"outofstock","10":"purchasable","11":"product-type-simple"},"_links":{"self":[{"href":"https:\/\/orbixandorra.com\/index.php\/wp-json\/wp\/v2\/product\/556","targetHints":{"allow":["GET"]}}],"collection":[{"href":"https:\/\/orbixandorra.com\/index.php\/wp-json\/wp\/v2\/product"}],"about":[{"href":"https:\/\/orbixandorra.com\/index.php\/wp-json\/wp\/v2\/types\/product"}],"replies":[{"embeddable":true,"href":"https:\/\/orbixandorra.com\/index.php\/wp-json\/wp\/v2\/comments?post=556"}],"wp:featuredmedia":[{"embeddable":true,"href":"https:\/\/orbixandorra.com\/index.php\/wp-json\/wp\/v2\/media\/557"}],"wp:attachment":[{"href":"https:\/\/orbixandorra.com\/index.php\/wp-json\/wp\/v2\/media?parent=556"}],"wp:term":[{"taxonomy":"product_brand","embeddable":true,"href":"https:\/\/orbixandorra.com\/index.php\/wp-json\/wp\/v2\/product_brand?post=556"},{"taxonomy":"product_cat","embeddable":true,"href":"https:\/\/orbixandorra.com\/index.php\/wp-json\/wp\/v2\/product_cat?post=556"},{"taxonomy":"product_tag","embeddable":true,"href":"https:\/\/orbixandorra.com\/index.php\/wp-json\/wp\/v2\/product_tag?post=556"}],"curies":[{"name":"wp","href":"https:\/\/api.w.org\/{rel}","templated":true}]}}