{"id":553,"date":"2018-05-09T15:22:45","date_gmt":"2018-05-09T15:22:45","guid":{"rendered":"https:\/\/orbixandorra.com\/?post_type=product&#038;p=553"},"modified":"2025-02-05T09:23:34","modified_gmt":"2025-02-05T09:23:34","slug":"catalejo-con-su-base","status":"publish","type":"product","link":"https:\/\/orbixandorra.com\/index.php\/producto\/catalejo-con-su-base\/","title":{"rendered":"Catalejo con su base"},"content":{"rendered":"","protected":false},"excerpt":{"rendered":"<p>Extraordinario catalejo marino, totalmente funcional, forrado en piel curtida y acabado en bronce.<\/p>\n<p>Acompa\u00f1ado de su base de madera maciza y acabado franc\u00e9s hecha a medida para este singular art\u00edculo.<\/p>\n<p>Medidas:\u00a054.1 X 17 X 10.9CM<\/p>\n","protected":false},"featured_media":554,"comment_status":"closed","ping_status":"closed","template":"","meta":[],"product_brand":[],"product_cat":[9],"product_tag":[],"class_list":{"0":"post-553","1":"product","2":"type-product","3":"status-publish","4":"has-post-thumbnail","6":"product_cat-vintage","8":"first","9":"outofstock","10":"purchasable","11":"product-type-simple"},"_links":{"self":[{"href":"https:\/\/orbixandorra.com\/index.php\/wp-json\/wp\/v2\/product\/553","targetHints":{"allow":["GET"]}}],"collection":[{"href":"https:\/\/orbixandorra.com\/index.php\/wp-json\/wp\/v2\/product"}],"about":[{"href":"https:\/\/orbixandorra.com\/index.php\/wp-json\/wp\/v2\/types\/product"}],"replies":[{"embeddable":true,"href":"https:\/\/orbixandorra.com\/index.php\/wp-json\/wp\/v2\/comments?post=553"}],"wp:featuredmedia":[{"embeddable":true,"href":"https:\/\/orbixandorra.com\/index.php\/wp-json\/wp\/v2\/media\/554"}],"wp:attachment":[{"href":"https:\/\/orbixandorra.com\/index.php\/wp-json\/wp\/v2\/media?parent=553"}],"wp:term":[{"taxonomy":"product_brand","embeddable":true,"href":"https:\/\/orbixandorra.com\/index.php\/wp-json\/wp\/v2\/product_brand?post=553"},{"taxonomy":"product_cat","embeddable":true,"href":"https:\/\/orbixandorra.com\/index.php\/wp-json\/wp\/v2\/product_cat?post=553"},{"taxonomy":"product_tag","embeddable":true,"href":"https:\/\/orbixandorra.com\/index.php\/wp-json\/wp\/v2\/product_tag?post=553"}],"curies":[{"name":"wp","href":"https:\/\/api.w.org\/{rel}","templated":true}]}}