{"id":549,"date":"2018-05-09T15:12:04","date_gmt":"2018-05-09T15:12:04","guid":{"rendered":"https:\/\/orbixandorra.com\/?post_type=product&#038;p=549"},"modified":"2024-03-01T16:21:41","modified_gmt":"2024-03-01T16:21:41","slug":"estanteria-con-formato-canoa-y-acabado-frances","status":"publish","type":"product","link":"https:\/\/orbixandorra.com\/index.php\/producto\/estanteria-con-formato-canoa-y-acabado-frances\/","title":{"rendered":"Estanter\u00eda con formato canoa y acabado franc\u00e9s"},"content":{"rendered":"","protected":false},"excerpt":{"rendered":"<p>Preciosa estanter\u00eda, r\u00e9plica exacta de las canoas utilizadas en las carreras de remo de las universidades inglesas. Hecha en madera maciza y acabado franc\u00e9s.<\/p>\n<p>Medidas:\u00a046.5 X 24.9 X 216.4CM<\/p>\n","protected":false},"featured_media":550,"comment_status":"closed","ping_status":"closed","template":"","meta":[],"product_brand":[],"product_cat":[9],"product_tag":[],"class_list":{"0":"post-549","1":"product","2":"type-product","3":"status-publish","4":"has-post-thumbnail","6":"product_cat-vintage","8":"first","9":"outofstock","10":"purchasable","11":"product-type-simple"},"_links":{"self":[{"href":"https:\/\/orbixandorra.com\/index.php\/wp-json\/wp\/v2\/product\/549","targetHints":{"allow":["GET"]}}],"collection":[{"href":"https:\/\/orbixandorra.com\/index.php\/wp-json\/wp\/v2\/product"}],"about":[{"href":"https:\/\/orbixandorra.com\/index.php\/wp-json\/wp\/v2\/types\/product"}],"replies":[{"embeddable":true,"href":"https:\/\/orbixandorra.com\/index.php\/wp-json\/wp\/v2\/comments?post=549"}],"wp:featuredmedia":[{"embeddable":true,"href":"https:\/\/orbixandorra.com\/index.php\/wp-json\/wp\/v2\/media\/550"}],"wp:attachment":[{"href":"https:\/\/orbixandorra.com\/index.php\/wp-json\/wp\/v2\/media?parent=549"}],"wp:term":[{"taxonomy":"product_brand","embeddable":true,"href":"https:\/\/orbixandorra.com\/index.php\/wp-json\/wp\/v2\/product_brand?post=549"},{"taxonomy":"product_cat","embeddable":true,"href":"https:\/\/orbixandorra.com\/index.php\/wp-json\/wp\/v2\/product_cat?post=549"},{"taxonomy":"product_tag","embeddable":true,"href":"https:\/\/orbixandorra.com\/index.php\/wp-json\/wp\/v2\/product_tag?post=549"}],"curies":[{"name":"wp","href":"https:\/\/api.w.org\/{rel}","templated":true}]}}