{"id":545,"date":"2018-05-09T15:01:51","date_gmt":"2018-05-09T15:01:51","guid":{"rendered":"https:\/\/orbixandorra.com\/?post_type=product&#038;p=545"},"modified":"2022-12-25T22:18:04","modified_gmt":"2022-12-25T22:18:04","slug":"estanteria-cajonera-con-formato-escalera-y-acabado-frances","status":"publish","type":"product","link":"https:\/\/orbixandorra.com\/index.php\/producto\/estanteria-cajonera-con-formato-escalera-y-acabado-frances\/","title":{"rendered":"Estanter\u00eda cajonera con formato escalera y acabado franc\u00e9s"},"content":{"rendered":"","protected":false},"excerpt":{"rendered":"<p>Preciosa estanter\u00eda de madera maciza y acabado franc\u00e9s con la forma de una escalera de biblioteca. Dos robustos cajones la completan. Est\u00e1 hecha para durar siglos.<\/p>\n<p>Medidas:\u00a0\u00a045 X 50 X 246.4CM<\/p>\n","protected":false},"featured_media":546,"comment_status":"closed","ping_status":"closed","template":"","meta":[],"product_brand":[],"product_cat":[9],"product_tag":[],"class_list":{"0":"post-545","1":"product","2":"type-product","3":"status-publish","4":"has-post-thumbnail","6":"product_cat-vintage","8":"first","9":"outofstock","10":"purchasable","11":"product-type-simple"},"_links":{"self":[{"href":"https:\/\/orbixandorra.com\/index.php\/wp-json\/wp\/v2\/product\/545","targetHints":{"allow":["GET"]}}],"collection":[{"href":"https:\/\/orbixandorra.com\/index.php\/wp-json\/wp\/v2\/product"}],"about":[{"href":"https:\/\/orbixandorra.com\/index.php\/wp-json\/wp\/v2\/types\/product"}],"replies":[{"embeddable":true,"href":"https:\/\/orbixandorra.com\/index.php\/wp-json\/wp\/v2\/comments?post=545"}],"wp:featuredmedia":[{"embeddable":true,"href":"https:\/\/orbixandorra.com\/index.php\/wp-json\/wp\/v2\/media\/546"}],"wp:attachment":[{"href":"https:\/\/orbixandorra.com\/index.php\/wp-json\/wp\/v2\/media?parent=545"}],"wp:term":[{"taxonomy":"product_brand","embeddable":true,"href":"https:\/\/orbixandorra.com\/index.php\/wp-json\/wp\/v2\/product_brand?post=545"},{"taxonomy":"product_cat","embeddable":true,"href":"https:\/\/orbixandorra.com\/index.php\/wp-json\/wp\/v2\/product_cat?post=545"},{"taxonomy":"product_tag","embeddable":true,"href":"https:\/\/orbixandorra.com\/index.php\/wp-json\/wp\/v2\/product_tag?post=545"}],"curies":[{"name":"wp","href":"https:\/\/api.w.org\/{rel}","templated":true}]}}