{"id":521,"date":"2018-02-06T17:48:11","date_gmt":"2018-02-06T17:48:11","guid":{"rendered":"https:\/\/orbixandorra.com\/?post_type=product&#038;p=521"},"modified":"2026-03-08T16:29:39","modified_gmt":"2026-03-08T16:29:39","slug":"mova-globe-luna","status":"publish","type":"product","link":"https:\/\/orbixandorra.com\/index.php\/producto\/mova-globe-luna\/","title":{"rendered":"Mova Globe, Luna"},"content":{"rendered":"","protected":false},"excerpt":{"rendered":"<p>Espectacular y novedoso globo que gira con la fuerza del campo magn\u00e9tico de la tierra y la energ\u00eda lum\u00ednica ambiental, no precisa ni pilas, ni corriente. Hecho con tecnolog\u00eda punta y materiales de alta calidad. 4,5\u2033 (11,50cm.) de di\u00e1metro. Incluye la base transparente que se ve en la fotograf\u00eda.<\/p>\n<p>Este modelo en concreto es nuestro sat\u00e9lite, la Luna y se ha realizado a partir de fotograf\u00edas realizadas desde el sat\u00e9lite de la NASA. Es ideal para hacer realidad un imposible&#8230; regalar la Luna en movimiento.<\/p>\n","protected":false},"featured_media":522,"comment_status":"closed","ping_status":"closed","template":"","meta":[],"product_brand":[],"product_cat":[10],"product_tag":[],"class_list":{"0":"post-521","1":"product","2":"type-product","3":"status-publish","4":"has-post-thumbnail","6":"product_cat-mova-globe","8":"first","9":"outofstock","10":"purchasable","11":"product-type-simple"},"_links":{"self":[{"href":"https:\/\/orbixandorra.com\/index.php\/wp-json\/wp\/v2\/product\/521","targetHints":{"allow":["GET"]}}],"collection":[{"href":"https:\/\/orbixandorra.com\/index.php\/wp-json\/wp\/v2\/product"}],"about":[{"href":"https:\/\/orbixandorra.com\/index.php\/wp-json\/wp\/v2\/types\/product"}],"replies":[{"embeddable":true,"href":"https:\/\/orbixandorra.com\/index.php\/wp-json\/wp\/v2\/comments?post=521"}],"wp:featuredmedia":[{"embeddable":true,"href":"https:\/\/orbixandorra.com\/index.php\/wp-json\/wp\/v2\/media\/522"}],"wp:attachment":[{"href":"https:\/\/orbixandorra.com\/index.php\/wp-json\/wp\/v2\/media?parent=521"}],"wp:term":[{"taxonomy":"product_brand","embeddable":true,"href":"https:\/\/orbixandorra.com\/index.php\/wp-json\/wp\/v2\/product_brand?post=521"},{"taxonomy":"product_cat","embeddable":true,"href":"https:\/\/orbixandorra.com\/index.php\/wp-json\/wp\/v2\/product_cat?post=521"},{"taxonomy":"product_tag","embeddable":true,"href":"https:\/\/orbixandorra.com\/index.php\/wp-json\/wp\/v2\/product_tag?post=521"}],"curies":[{"name":"wp","href":"https:\/\/api.w.org\/{rel}","templated":true}]}}