{"id":458,"date":"2017-05-20T15:38:19","date_gmt":"2017-05-20T15:38:19","guid":{"rendered":"http:\/\/casadanesa.apps-1and1.net\/?post_type=product&#038;p=458"},"modified":"2020-11-23T10:40:59","modified_gmt":"2020-11-23T10:40:59","slug":"star-theatre","status":"publish","type":"product","link":"https:\/\/orbixandorra.com\/index.php\/producto\/star-theatre\/","title":{"rendered":"Star Theatre"},"content":{"rendered":"<p>Un <b>aut\u00e9ntico planetario port\u00e1til<\/b> dotado de un movimiento rotatorio que reproduce el aspecto del firmamento a lo largo de un a\u00f1o.<\/p>\n<div><\/div>\n<p>Con \u00e1ngulo de proyecci\u00f3n y enfoque regulables, temporizador para apagado autom\u00e1tico y la funci\u00f3n Estrellas fugaces.<\/p>\n<div><\/div>\n<p><b>Dos discos intercambiables<\/b> con las estrellas fijas del hemisferio norte:<br \/>\n&#8211; cielo nocturno con unas 10.000 estrellas<br \/>\n&#8211; cielo nocturno con las l\u00edneas de las constelaciones se\u00f1aladas.<\/p>\n","protected":false},"excerpt":{"rendered":"<table border=\"0\" width=\"100%\" cellspacing=\"0\" cellpadding=\"0\">\n<tbody>\n<tr>\n<td width=\"40%\"><b>Star Theatre:<\/b> un riguroso instrumento de conocimiento, un refinado dispositivo hi-tech, un asombroso firmamento de emociones.<\/p>\n<div><\/div>\n<p>Innovador sistema desarrollado en Jap\u00f3n por <b><a title=\"Takayuki Ohira\" href=\"http:\/\/www.startheatre.it\/espanol\/inventore_es.html\">Takayuki Ohira<\/a>.<\/b><\/td>\n<\/tr>\n<\/tbody>\n<\/table>\n","protected":false},"featured_media":459,"comment_status":"closed","ping_status":"closed","template":"","meta":[],"product_brand":[],"product_cat":[17],"product_tag":[],"class_list":{"0":"post-458","1":"product","2":"type-product","3":"status-publish","4":"has-post-thumbnail","6":"product_cat-sorprendente","8":"first","9":"outofstock","10":"purchasable","11":"product-type-simple"},"_links":{"self":[{"href":"https:\/\/orbixandorra.com\/index.php\/wp-json\/wp\/v2\/product\/458","targetHints":{"allow":["GET"]}}],"collection":[{"href":"https:\/\/orbixandorra.com\/index.php\/wp-json\/wp\/v2\/product"}],"about":[{"href":"https:\/\/orbixandorra.com\/index.php\/wp-json\/wp\/v2\/types\/product"}],"replies":[{"embeddable":true,"href":"https:\/\/orbixandorra.com\/index.php\/wp-json\/wp\/v2\/comments?post=458"}],"wp:featuredmedia":[{"embeddable":true,"href":"https:\/\/orbixandorra.com\/index.php\/wp-json\/wp\/v2\/media\/459"}],"wp:attachment":[{"href":"https:\/\/orbixandorra.com\/index.php\/wp-json\/wp\/v2\/media?parent=458"}],"wp:term":[{"taxonomy":"product_brand","embeddable":true,"href":"https:\/\/orbixandorra.com\/index.php\/wp-json\/wp\/v2\/product_brand?post=458"},{"taxonomy":"product_cat","embeddable":true,"href":"https:\/\/orbixandorra.com\/index.php\/wp-json\/wp\/v2\/product_cat?post=458"},{"taxonomy":"product_tag","embeddable":true,"href":"https:\/\/orbixandorra.com\/index.php\/wp-json\/wp\/v2\/product_tag?post=458"}],"curies":[{"name":"wp","href":"https:\/\/api.w.org\/{rel}","templated":true}]}}