{"id":432,"date":"2017-04-26T17:25:46","date_gmt":"2017-04-26T17:25:46","guid":{"rendered":"http:\/\/casadanesa.apps-1and1.net\/?post_type=product&#038;p=432"},"modified":"2020-11-23T10:41:00","modified_gmt":"2020-11-23T10:41:00","slug":"pinocho-con-pepito-grillo","status":"publish","type":"product","link":"https:\/\/orbixandorra.com\/index.php\/producto\/pinocho-con-pepito-grillo\/","title":{"rendered":"Pinocho con Pepito grillo"},"content":{"rendered":"","protected":false},"excerpt":{"rendered":"<p>Los amantes de Pinocho encontrar\u00e1n en esta bella escena una de las mejores de la colecci\u00f3n. Pinocho, sentado, sostiene en su mano a Pepito grillo con su habitual expresi\u00f3n decidida.<\/p>\n<p>19cm. de alto, 9x12cm. de base.<\/p>\n","protected":false},"featured_media":433,"comment_status":"closed","ping_status":"closed","template":"","meta":[],"product_brand":[],"product_cat":[8],"product_tag":[],"class_list":{"0":"post-432","1":"product","2":"type-product","3":"status-publish","4":"has-post-thumbnail","6":"product_cat-jim-shore","8":"first","9":"outofstock","10":"purchasable","11":"product-type-simple"},"_links":{"self":[{"href":"https:\/\/orbixandorra.com\/index.php\/wp-json\/wp\/v2\/product\/432","targetHints":{"allow":["GET"]}}],"collection":[{"href":"https:\/\/orbixandorra.com\/index.php\/wp-json\/wp\/v2\/product"}],"about":[{"href":"https:\/\/orbixandorra.com\/index.php\/wp-json\/wp\/v2\/types\/product"}],"replies":[{"embeddable":true,"href":"https:\/\/orbixandorra.com\/index.php\/wp-json\/wp\/v2\/comments?post=432"}],"wp:featuredmedia":[{"embeddable":true,"href":"https:\/\/orbixandorra.com\/index.php\/wp-json\/wp\/v2\/media\/433"}],"wp:attachment":[{"href":"https:\/\/orbixandorra.com\/index.php\/wp-json\/wp\/v2\/media?parent=432"}],"wp:term":[{"taxonomy":"product_brand","embeddable":true,"href":"https:\/\/orbixandorra.com\/index.php\/wp-json\/wp\/v2\/product_brand?post=432"},{"taxonomy":"product_cat","embeddable":true,"href":"https:\/\/orbixandorra.com\/index.php\/wp-json\/wp\/v2\/product_cat?post=432"},{"taxonomy":"product_tag","embeddable":true,"href":"https:\/\/orbixandorra.com\/index.php\/wp-json\/wp\/v2\/product_tag?post=432"}],"curies":[{"name":"wp","href":"https:\/\/api.w.org\/{rel}","templated":true}]}}