{"id":305,"date":"2017-04-03T10:24:26","date_gmt":"2017-04-03T10:24:26","guid":{"rendered":"http:\/\/casadanesa.apps-1and1.net\/?post_type=product&#038;p=305"},"modified":"2020-11-23T10:41:24","modified_gmt":"2020-11-23T10:41:24","slug":"reloj-de-pulsera-leonardo-da-vinci","status":"publish","type":"product","link":"https:\/\/orbixandorra.com\/index.php\/producto\/reloj-de-pulsera-leonardo-da-vinci\/","title":{"rendered":"Reloj de pulsera Leonardo Da Vinci"},"content":{"rendered":"","protected":false},"excerpt":{"rendered":"<p>Reloj de pulsera con la imagen del genio Leonardo Da Vinci, con la particular originalidad que los n\u00fameros est\u00e1n escritos al rev\u00e9s y tambi\u00e9n avanza de forma inversa.<\/p>\n<p>Maquinaria japonesa de cuarzo. Correa de piel.<\/p>\n","protected":false},"featured_media":319,"comment_status":"closed","ping_status":"closed","template":"","meta":[],"product_brand":[],"product_cat":[17],"product_tag":[],"class_list":{"0":"post-305","1":"product","2":"type-product","3":"status-publish","4":"has-post-thumbnail","6":"product_cat-sorprendente","8":"first","9":"outofstock","10":"purchasable","11":"product-type-simple"},"_links":{"self":[{"href":"https:\/\/orbixandorra.com\/index.php\/wp-json\/wp\/v2\/product\/305","targetHints":{"allow":["GET"]}}],"collection":[{"href":"https:\/\/orbixandorra.com\/index.php\/wp-json\/wp\/v2\/product"}],"about":[{"href":"https:\/\/orbixandorra.com\/index.php\/wp-json\/wp\/v2\/types\/product"}],"replies":[{"embeddable":true,"href":"https:\/\/orbixandorra.com\/index.php\/wp-json\/wp\/v2\/comments?post=305"}],"wp:featuredmedia":[{"embeddable":true,"href":"https:\/\/orbixandorra.com\/index.php\/wp-json\/wp\/v2\/media\/319"}],"wp:attachment":[{"href":"https:\/\/orbixandorra.com\/index.php\/wp-json\/wp\/v2\/media?parent=305"}],"wp:term":[{"taxonomy":"product_brand","embeddable":true,"href":"https:\/\/orbixandorra.com\/index.php\/wp-json\/wp\/v2\/product_brand?post=305"},{"taxonomy":"product_cat","embeddable":true,"href":"https:\/\/orbixandorra.com\/index.php\/wp-json\/wp\/v2\/product_cat?post=305"},{"taxonomy":"product_tag","embeddable":true,"href":"https:\/\/orbixandorra.com\/index.php\/wp-json\/wp\/v2\/product_tag?post=305"}],"curies":[{"name":"wp","href":"https:\/\/api.w.org\/{rel}","templated":true}]}}