{"id":230,"date":"2017-03-16T17:24:21","date_gmt":"2017-03-16T17:24:21","guid":{"rendered":"http:\/\/casadanesa.apps-1and1.net\/?post_type=product&#038;p=230"},"modified":"2023-03-14T14:23:46","modified_gmt":"2023-03-14T14:23:46","slug":"bola-nieve-velero-con-carta-marina","status":"publish","type":"product","link":"https:\/\/orbixandorra.com\/index.php\/producto\/bola-nieve-velero-con-carta-marina\/","title":{"rendered":"Bola nieve velero con carta marina"},"content":{"rendered":"","protected":false},"excerpt":{"rendered":"<p>Preciosa bola de nieve hecha de cristal con m\u00fasica y movimiento. Gira la escena en su interior mientras suena la melod\u00eda \u201cOver the Waves\u201d. Funcionamiento mec\u00e1nico por cuerda. 14cm. de altura por 10cm. de di\u00e1metro. Un velero de \u00e9poca, con una carta marina de fondo,\u00a0va girando en\u00a0una base decorada con temas marinos. Importada de Alemania.<\/p>\n","protected":false},"featured_media":231,"comment_status":"closed","ping_status":"closed","template":"","meta":[],"product_brand":[],"product_cat":[7],"product_tag":[],"class_list":{"0":"post-230","1":"product","2":"type-product","3":"status-publish","4":"has-post-thumbnail","6":"product_cat-bolas-nieve","8":"first","9":"outofstock","10":"purchasable","11":"product-type-simple"},"_links":{"self":[{"href":"https:\/\/orbixandorra.com\/index.php\/wp-json\/wp\/v2\/product\/230","targetHints":{"allow":["GET"]}}],"collection":[{"href":"https:\/\/orbixandorra.com\/index.php\/wp-json\/wp\/v2\/product"}],"about":[{"href":"https:\/\/orbixandorra.com\/index.php\/wp-json\/wp\/v2\/types\/product"}],"replies":[{"embeddable":true,"href":"https:\/\/orbixandorra.com\/index.php\/wp-json\/wp\/v2\/comments?post=230"}],"wp:featuredmedia":[{"embeddable":true,"href":"https:\/\/orbixandorra.com\/index.php\/wp-json\/wp\/v2\/media\/231"}],"wp:attachment":[{"href":"https:\/\/orbixandorra.com\/index.php\/wp-json\/wp\/v2\/media?parent=230"}],"wp:term":[{"taxonomy":"product_brand","embeddable":true,"href":"https:\/\/orbixandorra.com\/index.php\/wp-json\/wp\/v2\/product_brand?post=230"},{"taxonomy":"product_cat","embeddable":true,"href":"https:\/\/orbixandorra.com\/index.php\/wp-json\/wp\/v2\/product_cat?post=230"},{"taxonomy":"product_tag","embeddable":true,"href":"https:\/\/orbixandorra.com\/index.php\/wp-json\/wp\/v2\/product_tag?post=230"}],"curies":[{"name":"wp","href":"https:\/\/api.w.org\/{rel}","templated":true}]}}