{"id":199,"date":"2017-03-13T17:11:42","date_gmt":"2017-03-13T17:11:42","guid":{"rendered":"http:\/\/casadanesa.apps-1and1.net\/?post_type=product&#038;p=199"},"modified":"2023-03-14T14:24:04","modified_gmt":"2023-03-14T14:24:04","slug":"movil-del-sistema-solar","status":"publish","type":"product","link":"https:\/\/orbixandorra.com\/index.php\/producto\/movil-del-sistema-solar\/","title":{"rendered":"M\u00f3vil del Sistema Solar"},"content":{"rendered":"","protected":false},"excerpt":{"rendered":"<p>Maqueta reducida de nuestro sistema solar, a la vez cient\u00edfica y decorativa, girando alrededor del Sol y no de la Tierra como pensaban los primeros cient\u00edficos. Este m\u00f3vil fascinar\u00e1 por igual a los j\u00f3venes de edad como a los siempre j\u00f3venes de coraz\u00f3n.<\/p>\n","protected":false},"featured_media":200,"comment_status":"closed","ping_status":"closed","template":"","meta":[],"product_brand":[],"product_cat":[9],"product_tag":[],"class_list":{"0":"post-199","1":"product","2":"type-product","3":"status-publish","4":"has-post-thumbnail","6":"product_cat-vintage","8":"first","9":"instock","10":"purchasable","11":"product-type-simple"},"_links":{"self":[{"href":"https:\/\/orbixandorra.com\/index.php\/wp-json\/wp\/v2\/product\/199","targetHints":{"allow":["GET"]}}],"collection":[{"href":"https:\/\/orbixandorra.com\/index.php\/wp-json\/wp\/v2\/product"}],"about":[{"href":"https:\/\/orbixandorra.com\/index.php\/wp-json\/wp\/v2\/types\/product"}],"replies":[{"embeddable":true,"href":"https:\/\/orbixandorra.com\/index.php\/wp-json\/wp\/v2\/comments?post=199"}],"wp:featuredmedia":[{"embeddable":true,"href":"https:\/\/orbixandorra.com\/index.php\/wp-json\/wp\/v2\/media\/200"}],"wp:attachment":[{"href":"https:\/\/orbixandorra.com\/index.php\/wp-json\/wp\/v2\/media?parent=199"}],"wp:term":[{"taxonomy":"product_brand","embeddable":true,"href":"https:\/\/orbixandorra.com\/index.php\/wp-json\/wp\/v2\/product_brand?post=199"},{"taxonomy":"product_cat","embeddable":true,"href":"https:\/\/orbixandorra.com\/index.php\/wp-json\/wp\/v2\/product_cat?post=199"},{"taxonomy":"product_tag","embeddable":true,"href":"https:\/\/orbixandorra.com\/index.php\/wp-json\/wp\/v2\/product_tag?post=199"}],"curies":[{"name":"wp","href":"https:\/\/api.w.org\/{rel}","templated":true}]}}