{"id":167,"date":"2017-03-10T17:40:18","date_gmt":"2017-03-10T17:40:18","guid":{"rendered":"http:\/\/casadanesa.apps-1and1.net\/?post_type=product&#038;p=167"},"modified":"2024-04-20T14:56:20","modified_gmt":"2024-04-20T14:56:20","slug":"bola-de-nieve-bailarina-en-lago-de-los-cisnes","status":"publish","type":"product","link":"https:\/\/orbixandorra.com\/index.php\/producto\/bola-de-nieve-bailarina-en-lago-de-los-cisnes\/","title":{"rendered":"Bola de nieve bailarina en lago de los cisnes"},"content":{"rendered":"","protected":false},"excerpt":{"rendered":"<p>Preciosa bola de nieve hecha de cristal con m\u00fasica y movimiento. Gira la escena en su interior mientras suena la melod\u00eda \u201cSwan Lake\u201d al tiempo que la nieve se impulsa sola hacia arriba. Funcionamiento mec\u00e1nico por cuerda. 17cm. de altura por 12cm. de di\u00e1metro. Una preciosa bailarina rodeada de cisnes va girando sobre una base cer\u00e1mica pintada a mano y sumamente trabajada con detalles en relieve de flores y cisnes. Importada de Alemania.<\/p>\n","protected":false},"featured_media":168,"comment_status":"closed","ping_status":"closed","template":"","meta":[],"product_brand":[],"product_cat":[7],"product_tag":[],"class_list":{"0":"post-167","1":"product","2":"type-product","3":"status-publish","4":"has-post-thumbnail","6":"product_cat-bolas-nieve","8":"first","9":"outofstock","10":"purchasable","11":"product-type-simple"},"_links":{"self":[{"href":"https:\/\/orbixandorra.com\/index.php\/wp-json\/wp\/v2\/product\/167","targetHints":{"allow":["GET"]}}],"collection":[{"href":"https:\/\/orbixandorra.com\/index.php\/wp-json\/wp\/v2\/product"}],"about":[{"href":"https:\/\/orbixandorra.com\/index.php\/wp-json\/wp\/v2\/types\/product"}],"replies":[{"embeddable":true,"href":"https:\/\/orbixandorra.com\/index.php\/wp-json\/wp\/v2\/comments?post=167"}],"wp:featuredmedia":[{"embeddable":true,"href":"https:\/\/orbixandorra.com\/index.php\/wp-json\/wp\/v2\/media\/168"}],"wp:attachment":[{"href":"https:\/\/orbixandorra.com\/index.php\/wp-json\/wp\/v2\/media?parent=167"}],"wp:term":[{"taxonomy":"product_brand","embeddable":true,"href":"https:\/\/orbixandorra.com\/index.php\/wp-json\/wp\/v2\/product_brand?post=167"},{"taxonomy":"product_cat","embeddable":true,"href":"https:\/\/orbixandorra.com\/index.php\/wp-json\/wp\/v2\/product_cat?post=167"},{"taxonomy":"product_tag","embeddable":true,"href":"https:\/\/orbixandorra.com\/index.php\/wp-json\/wp\/v2\/product_tag?post=167"}],"curies":[{"name":"wp","href":"https:\/\/api.w.org\/{rel}","templated":true}]}}