{"id":162,"date":"2017-03-10T17:21:44","date_gmt":"2017-03-10T17:21:44","guid":{"rendered":"http:\/\/casadanesa.apps-1and1.net\/?post_type=product&#038;p=162"},"modified":"2021-12-26T16:51:19","modified_gmt":"2021-12-26T16:51:19","slug":"bolsa-de-nieve-terraza-en-paris","status":"publish","type":"product","link":"https:\/\/orbixandorra.com\/index.php\/producto\/bolsa-de-nieve-terraza-en-paris\/","title":{"rendered":"Bola de nieve terraza en Paris"},"content":{"rendered":"","protected":false},"excerpt":{"rendered":"<p>Id\u00edlica bola de nieve hecha de cristal con m\u00fasica y movimiento. Gira la escena en su interior mientras suena la melod\u00eda \u201cKleine Nachtmusik\u201d. Funcionamiento mec\u00e1nico por cuerda. 14cm. de altura por 10cm. de di\u00e1metro. Una elegante joven, sosteniendo una taza y sentada en el cl\u00e1sico mobiliario de un caf\u00e9 de Par\u00eds, va girando sobre una base decorada con detalles del ambiente parisino m\u00e1s cl\u00e1sico. La definici\u00f3n de las figuras y los acabados son de una calidad extraordinaria. Importada de Alemania.<\/p>\n","protected":false},"featured_media":163,"comment_status":"closed","ping_status":"closed","template":"","meta":[],"product_brand":[],"product_cat":[7],"product_tag":[],"class_list":{"0":"post-162","1":"product","2":"type-product","3":"status-publish","4":"has-post-thumbnail","6":"product_cat-bolas-nieve","8":"first","9":"outofstock","10":"purchasable","11":"product-type-simple"},"_links":{"self":[{"href":"https:\/\/orbixandorra.com\/index.php\/wp-json\/wp\/v2\/product\/162","targetHints":{"allow":["GET"]}}],"collection":[{"href":"https:\/\/orbixandorra.com\/index.php\/wp-json\/wp\/v2\/product"}],"about":[{"href":"https:\/\/orbixandorra.com\/index.php\/wp-json\/wp\/v2\/types\/product"}],"replies":[{"embeddable":true,"href":"https:\/\/orbixandorra.com\/index.php\/wp-json\/wp\/v2\/comments?post=162"}],"wp:featuredmedia":[{"embeddable":true,"href":"https:\/\/orbixandorra.com\/index.php\/wp-json\/wp\/v2\/media\/163"}],"wp:attachment":[{"href":"https:\/\/orbixandorra.com\/index.php\/wp-json\/wp\/v2\/media?parent=162"}],"wp:term":[{"taxonomy":"product_brand","embeddable":true,"href":"https:\/\/orbixandorra.com\/index.php\/wp-json\/wp\/v2\/product_brand?post=162"},{"taxonomy":"product_cat","embeddable":true,"href":"https:\/\/orbixandorra.com\/index.php\/wp-json\/wp\/v2\/product_cat?post=162"},{"taxonomy":"product_tag","embeddable":true,"href":"https:\/\/orbixandorra.com\/index.php\/wp-json\/wp\/v2\/product_tag?post=162"}],"curies":[{"name":"wp","href":"https:\/\/api.w.org\/{rel}","templated":true}]}}