{"id":158,"date":"2017-03-10T17:09:13","date_gmt":"2017-03-10T17:09:13","guid":{"rendered":"http:\/\/casadanesa.apps-1and1.net\/?post_type=product&#038;p=158"},"modified":"2020-11-23T10:42:10","modified_gmt":"2020-11-23T10:42:10","slug":"bola-de-nieve-pecera-con-gatos","status":"publish","type":"product","link":"https:\/\/orbixandorra.com\/index.php\/producto\/bola-de-nieve-pecera-con-gatos\/","title":{"rendered":"Bola de nieve pecera con gatos"},"content":{"rendered":"","protected":false},"excerpt":{"rendered":"<p>Preciosa bola de nieve hecha de cristal con m\u00fasica y movimiento. Gira la escena en su interior mientras suena la melod\u00eda \u201cO Susanna\u201d. Funcionamiento mec\u00e1nico por cuerda. 17cm. de altura por 10cm. de di\u00e1metro. Esta bola-acuario descansa en un peque\u00f1o mueble de resina mientras un grupo de divertidos peces va girando en el interior. Un gatito ya mete la cabeza dentro y el otro observa desde fuera. Importada de Alemania.<\/p>\n","protected":false},"featured_media":159,"comment_status":"closed","ping_status":"closed","template":"","meta":[],"product_brand":[],"product_cat":[7],"product_tag":[],"class_list":{"0":"post-158","1":"product","2":"type-product","3":"status-publish","4":"has-post-thumbnail","6":"product_cat-bolas-nieve","8":"first","9":"outofstock","10":"purchasable","11":"product-type-simple"},"_links":{"self":[{"href":"https:\/\/orbixandorra.com\/index.php\/wp-json\/wp\/v2\/product\/158","targetHints":{"allow":["GET"]}}],"collection":[{"href":"https:\/\/orbixandorra.com\/index.php\/wp-json\/wp\/v2\/product"}],"about":[{"href":"https:\/\/orbixandorra.com\/index.php\/wp-json\/wp\/v2\/types\/product"}],"replies":[{"embeddable":true,"href":"https:\/\/orbixandorra.com\/index.php\/wp-json\/wp\/v2\/comments?post=158"}],"wp:featuredmedia":[{"embeddable":true,"href":"https:\/\/orbixandorra.com\/index.php\/wp-json\/wp\/v2\/media\/159"}],"wp:attachment":[{"href":"https:\/\/orbixandorra.com\/index.php\/wp-json\/wp\/v2\/media?parent=158"}],"wp:term":[{"taxonomy":"product_brand","embeddable":true,"href":"https:\/\/orbixandorra.com\/index.php\/wp-json\/wp\/v2\/product_brand?post=158"},{"taxonomy":"product_cat","embeddable":true,"href":"https:\/\/orbixandorra.com\/index.php\/wp-json\/wp\/v2\/product_cat?post=158"},{"taxonomy":"product_tag","embeddable":true,"href":"https:\/\/orbixandorra.com\/index.php\/wp-json\/wp\/v2\/product_tag?post=158"}],"curies":[{"name":"wp","href":"https:\/\/api.w.org\/{rel}","templated":true}]}}