{"id":129,"date":"2017-03-09T16:10:55","date_gmt":"2017-03-09T16:10:55","guid":{"rendered":"http:\/\/casadanesa.apps-1and1.net\/?post_type=product&#038;p=129"},"modified":"2025-04-11T16:10:34","modified_gmt":"2025-04-11T16:10:34","slug":"mova-globe-cassini-fondo-blanco","status":"publish","type":"product","link":"https:\/\/orbixandorra.com\/index.php\/producto\/mova-globe-cassini-fondo-blanco\/","title":{"rendered":"Mova Globe, Cassini fondo blanco"},"content":{"rendered":"","protected":false},"excerpt":{"rendered":"<p>Espectacular y novedoso globo terr\u00e1queo que gira con la fuerza del campo magn\u00e9tico de la tierra y la energ\u00eda lum\u00ednica ambiental, no precisa ni pilas, ni corriente. Hecho con tecnolog\u00eda punta y materiales de alta calidad. 4,5\u2033 (11,50cm.) de di\u00e1metro. Incluye la base transparente que se ve en la fotograf\u00eda. Este modelo es la r\u00e9plica de la famosa esfera Cassini realizada en 1790 por Giovanni Cassini en homenaje a los viajes del Capit\u00e1n Cook.<\/p>\n","protected":false},"featured_media":130,"comment_status":"closed","ping_status":"closed","template":"","meta":[],"product_brand":[],"product_cat":[10],"product_tag":[],"class_list":{"0":"post-129","1":"product","2":"type-product","3":"status-publish","4":"has-post-thumbnail","6":"product_cat-mova-globe","8":"first","9":"instock","10":"purchasable","11":"product-type-simple"},"_links":{"self":[{"href":"https:\/\/orbixandorra.com\/index.php\/wp-json\/wp\/v2\/product\/129","targetHints":{"allow":["GET"]}}],"collection":[{"href":"https:\/\/orbixandorra.com\/index.php\/wp-json\/wp\/v2\/product"}],"about":[{"href":"https:\/\/orbixandorra.com\/index.php\/wp-json\/wp\/v2\/types\/product"}],"replies":[{"embeddable":true,"href":"https:\/\/orbixandorra.com\/index.php\/wp-json\/wp\/v2\/comments?post=129"}],"wp:featuredmedia":[{"embeddable":true,"href":"https:\/\/orbixandorra.com\/index.php\/wp-json\/wp\/v2\/media\/130"}],"wp:attachment":[{"href":"https:\/\/orbixandorra.com\/index.php\/wp-json\/wp\/v2\/media?parent=129"}],"wp:term":[{"taxonomy":"product_brand","embeddable":true,"href":"https:\/\/orbixandorra.com\/index.php\/wp-json\/wp\/v2\/product_brand?post=129"},{"taxonomy":"product_cat","embeddable":true,"href":"https:\/\/orbixandorra.com\/index.php\/wp-json\/wp\/v2\/product_cat?post=129"},{"taxonomy":"product_tag","embeddable":true,"href":"https:\/\/orbixandorra.com\/index.php\/wp-json\/wp\/v2\/product_tag?post=129"}],"curies":[{"name":"wp","href":"https:\/\/api.w.org\/{rel}","templated":true}]}}