{"id":110,"date":"2017-03-06T17:35:15","date_gmt":"2017-03-06T17:35:15","guid":{"rendered":"http:\/\/casadanesa.apps-1and1.net\/?post_type=product&#038;p=110"},"modified":"2020-11-23T10:42:12","modified_gmt":"2020-11-23T10:42:12","slug":"lampara-foco","status":"publish","type":"product","link":"https:\/\/orbixandorra.com\/index.php\/producto\/lampara-foco\/","title":{"rendered":"L\u00e1mpara-foco"},"content":{"rendered":"","protected":false},"excerpt":{"rendered":"<p>Extraordinaria l\u00e1mpara de pie o si lo preferis\u00a0foco con tr\u00edpode al m\u00e1s puro estilo cl\u00e1sico.<\/p>\n<p>Cabezal orientable en todas las posiciones; tr\u00edpode plegable en madera maciza.<\/p>\n","protected":false},"featured_media":112,"comment_status":"closed","ping_status":"closed","template":"","meta":[],"product_brand":[],"product_cat":[9],"product_tag":[],"class_list":{"0":"post-110","1":"product","2":"type-product","3":"status-publish","4":"has-post-thumbnail","6":"product_cat-vintage","8":"first","9":"instock","10":"purchasable","11":"product-type-simple"},"_links":{"self":[{"href":"https:\/\/orbixandorra.com\/index.php\/wp-json\/wp\/v2\/product\/110","targetHints":{"allow":["GET"]}}],"collection":[{"href":"https:\/\/orbixandorra.com\/index.php\/wp-json\/wp\/v2\/product"}],"about":[{"href":"https:\/\/orbixandorra.com\/index.php\/wp-json\/wp\/v2\/types\/product"}],"replies":[{"embeddable":true,"href":"https:\/\/orbixandorra.com\/index.php\/wp-json\/wp\/v2\/comments?post=110"}],"wp:featuredmedia":[{"embeddable":true,"href":"https:\/\/orbixandorra.com\/index.php\/wp-json\/wp\/v2\/media\/112"}],"wp:attachment":[{"href":"https:\/\/orbixandorra.com\/index.php\/wp-json\/wp\/v2\/media?parent=110"}],"wp:term":[{"taxonomy":"product_brand","embeddable":true,"href":"https:\/\/orbixandorra.com\/index.php\/wp-json\/wp\/v2\/product_brand?post=110"},{"taxonomy":"product_cat","embeddable":true,"href":"https:\/\/orbixandorra.com\/index.php\/wp-json\/wp\/v2\/product_cat?post=110"},{"taxonomy":"product_tag","embeddable":true,"href":"https:\/\/orbixandorra.com\/index.php\/wp-json\/wp\/v2\/product_tag?post=110"}],"curies":[{"name":"wp","href":"https:\/\/api.w.org\/{rel}","templated":true}]}}