{"id":103,"date":"2017-02-16T15:55:42","date_gmt":"2017-02-16T15:55:42","guid":{"rendered":"http:\/\/casadanesa.apps-1and1.net\/?post_type=product&#038;p=103"},"modified":"2026-03-08T16:30:19","modified_gmt":"2026-03-08T16:30:19","slug":"mova-globe-fisico-politica-tonos-claros","status":"publish","type":"product","link":"https:\/\/orbixandorra.com\/index.php\/producto\/mova-globe-fisico-politica-tonos-claros\/","title":{"rendered":"Mova Globe, f\u00edsico-pol\u00edtica, tonos claros"},"content":{"rendered":"","protected":false},"excerpt":{"rendered":"<p>Espectacular y novedoso globo terr\u00e1queo que gira con la fuerza del campo magn\u00e9tico de la tierra y la energ\u00eda lum\u00ednica ambiental, no precisa ni pilas, ni corriente. Hecho con tecnolog\u00eda punta y materiales de alta calidad. 4,5&#8243; (11,50cm.) de di\u00e1metro. Incluye la base transparente que se ve en la fotograf\u00eda.<\/p>\n","protected":false},"featured_media":104,"comment_status":"closed","ping_status":"closed","template":"","meta":[],"product_brand":[],"product_cat":[10],"product_tag":[],"class_list":{"0":"post-103","1":"product","2":"type-product","3":"status-publish","4":"has-post-thumbnail","6":"product_cat-mova-globe","8":"first","9":"instock","10":"taxable","11":"shipping-taxable","12":"purchasable","13":"product-type-simple"},"_links":{"self":[{"href":"https:\/\/orbixandorra.com\/index.php\/wp-json\/wp\/v2\/product\/103","targetHints":{"allow":["GET"]}}],"collection":[{"href":"https:\/\/orbixandorra.com\/index.php\/wp-json\/wp\/v2\/product"}],"about":[{"href":"https:\/\/orbixandorra.com\/index.php\/wp-json\/wp\/v2\/types\/product"}],"replies":[{"embeddable":true,"href":"https:\/\/orbixandorra.com\/index.php\/wp-json\/wp\/v2\/comments?post=103"}],"wp:featuredmedia":[{"embeddable":true,"href":"https:\/\/orbixandorra.com\/index.php\/wp-json\/wp\/v2\/media\/104"}],"wp:attachment":[{"href":"https:\/\/orbixandorra.com\/index.php\/wp-json\/wp\/v2\/media?parent=103"}],"wp:term":[{"taxonomy":"product_brand","embeddable":true,"href":"https:\/\/orbixandorra.com\/index.php\/wp-json\/wp\/v2\/product_brand?post=103"},{"taxonomy":"product_cat","embeddable":true,"href":"https:\/\/orbixandorra.com\/index.php\/wp-json\/wp\/v2\/product_cat?post=103"},{"taxonomy":"product_tag","embeddable":true,"href":"https:\/\/orbixandorra.com\/index.php\/wp-json\/wp\/v2\/product_tag?post=103"}],"curies":[{"name":"wp","href":"https:\/\/api.w.org\/{rel}","templated":true}]}}