{"id":314,"date":"2017-04-03T10:25:46","date_gmt":"2017-04-03T10:25:46","guid":{"rendered":"http:\/\/casadanesa.apps-1and1.net\/?page_id=314"},"modified":"2017-04-03T10:25:46","modified_gmt":"2017-04-03T10:25:46","slug":"confidencialidad","status":"publish","type":"page","link":"https:\/\/orbixandorra.com\/index.php\/confidencialidad\/","title":{"rendered":"Confidencialidad"},"content":{"rendered":"<p>Todas nuestras operaciones de pago se realizan en un entorno seguro.<\/p>\n<p>Usamos un protocolo de encriptaci\u00f3n para asegurar que lo que usted nos env\u00eda no pueda ser le\u00eddo por nadie.<\/p>\n<p>En Casa Danesa respetamos al m\u00e1ximo su derecho de confidencialidad, la informaci\u00f3n obtenida en nuestra web, ser\u00e1 utilizada, \u00fanica y exclusivamente, para un mejor servicio de su pedido, y para determinar los productos que puedan ser de su inter\u00e9s.<\/p>\n<p>Le garantizamos que esta informaci\u00f3n no ser\u00e1 compartida, ni utilizada para ning\u00fan otro fin.<\/p>\n","protected":false},"excerpt":{"rendered":"<p>Todas nuestras operaciones de pago se realizan en un entorno seguro. Usamos un protocolo de encriptaci\u00f3n para asegurar que lo que usted nos env\u00eda no pueda ser le\u00eddo por nadie. En Casa Danesa respetamos al m\u00e1ximo su derecho de confidencialidad, la informaci\u00f3n obtenida en nuestra web, ser\u00e1 utilizada, \u00fanica y exclusivamente, para un mejor servicio [&hellip;]<\/p>\n","protected":false},"author":1,"featured_media":0,"parent":0,"menu_order":0,"comment_status":"closed","ping_status":"closed","template":"","meta":{"footnotes":""},"class_list":["post-314","page","type-page","status-publish","hentry"],"_links":{"self":[{"href":"https:\/\/orbixandorra.com\/index.php\/wp-json\/wp\/v2\/pages\/314","targetHints":{"allow":["GET"]}}],"collection":[{"href":"https:\/\/orbixandorra.com\/index.php\/wp-json\/wp\/v2\/pages"}],"about":[{"href":"https:\/\/orbixandorra.com\/index.php\/wp-json\/wp\/v2\/types\/page"}],"author":[{"embeddable":true,"href":"https:\/\/orbixandorra.com\/index.php\/wp-json\/wp\/v2\/users\/1"}],"replies":[{"embeddable":true,"href":"https:\/\/orbixandorra.com\/index.php\/wp-json\/wp\/v2\/comments?post=314"}],"version-history":[{"count":2,"href":"https:\/\/orbixandorra.com\/index.php\/wp-json\/wp\/v2\/pages\/314\/revisions"}],"predecessor-version":[{"id":316,"href":"https:\/\/orbixandorra.com\/index.php\/wp-json\/wp\/v2\/pages\/314\/revisions\/316"}],"wp:attachment":[{"href":"https:\/\/orbixandorra.com\/index.php\/wp-json\/wp\/v2\/media?parent=314"}],"curies":[{"name":"wp","href":"https:\/\/api.w.org\/{rel}","templated":true}]}}