{"id":310,"date":"2017-04-03T10:25:18","date_gmt":"2017-04-03T10:25:18","guid":{"rendered":"http:\/\/casadanesa.apps-1and1.net\/?page_id=310"},"modified":"2021-10-04T17:55:33","modified_gmt":"2021-10-04T17:55:33","slug":"envios-y-devoluciones","status":"publish","type":"page","link":"https:\/\/orbixandorra.com\/index.php\/envios-y-devoluciones\/","title":{"rendered":"Env\u00edos y devoluciones"},"content":{"rendered":"<h2 style=\"text-align: center;\"><span style=\"color: #b00000;\">ENV\u00cdOS<\/span><\/h2>\n<p><strong>\u00bfEnvi\u00e1is vuestros art\u00edculos a cualquier sitio?<\/strong><\/p>\n<hr \/>\n<p>En principio, tan s\u00f3lo realizamos env\u00edos en el Principado de Andorra sin coste adicional.<\/p>\n<p>El coste adicional para env\u00edos en Espa\u00f1a es de 10\u20ac y para el resto de pa\u00edses europeos, el coste es de 30\u20ac.<\/p>\n<p>Para cualquier duda, pueden contactar con nosotros en info@orbixandorra.com o llam\u00e1ndonos al +376826171.<\/p>\n<p><strong>Ya he hecho mi pedido, \u00bfY ahora que ?<\/strong><\/p>\n<hr \/>\n<p>Su env\u00edo genera un n\u00famero de Factura, nosotros le enviaremos un e-mail de comprobaci\u00f3n y confirmaci\u00f3n de su compra. Recibir\u00e1 el pedido en su domicilio por diferentes transportes dependiendo de su ubicaci\u00f3n exacta.<\/p>\n<p><strong>\u00bfC\u00f3mo se que recibir\u00e9 mi pedido?<\/strong><\/p>\n<hr \/>\n<p>Casa Danesa no es s\u00f3lo una tienda virtual. Nos puede localizar, tambi\u00e9n f\u00edsicamente, en C\/Les Canals, 03 de Andorra la Vella en el Principado de Andorra, Tel. + 376 826171. Nuestro establecimiento est\u00e1 abierto al p\u00fablico desde hace m\u00e1s de 30 a\u00f1os. La seriedad y garant\u00eda demostrada a nuestros miles de clientes nos avalan.<\/p>\n<p><strong>\u00bfHay un art\u00edculo que me interesa, similar a su l\u00ednea de productos, y no lo encuentro en su tienda virtual?<\/strong><\/p>\n<hr \/>\n<p>Nuestra tienda dispone de gran variedad de art\u00edculos y de muy diversos pa\u00edses. Nuestra base de datos contempla una gran cantidad de art\u00edculos que pueden no estar actualizados.<\/p>\n<p>Le aconsejamos que nos env\u00ede un e-mail con su consulta: info@orbixandorra.com<\/p>\n<p><strong>\u00bfHace ya algunos d\u00edas que realice mi pedido y no llega?<\/strong><\/p>\n<hr \/>\n<p>Nuestra tienda dispone de art\u00edculos que provienen de diferentes pa\u00edses, en ocasiones nuestros stocks no pueden reemplazarse de forma inmediata y se demoran algunos d\u00edas. Tambi\u00e9n influye la elaboraci\u00f3n artesanal de algunos de nuestros productos, hecho que puede ralentizar nuestras previsiones.<\/p>\n<p><strong>\u00bfCual es el plazo m\u00e1ximo en recibir mi pedido?<\/strong><\/p>\n<hr \/>\n<p>La mayor\u00eda de los pedidos son tramitados y recibidos por nuestros clientes en el plazo de una semana, el plazo m\u00e1ximo legal que estipulan las leyes de consumo sobre las ventas en Internet es de un mes. Nosotros contactaremos con Vd. si una demora excesiva llegase a producirse con su pedido. Si necesita un art\u00edculo para una fecha concreta, cons\u00faltenos previamente y le confirmaremos el plazo exacto de entrega.<\/p>\n<h2 style=\"text-align: center;\"><span style=\"color: #b00000;\">DEVOLUCIONES<\/span><\/h2>\n<p><strong>\u00bfPuedo cancelar o devolver mi pedido?<\/strong><\/p>\n<hr \/>\n<p>Siempre que su pedido no haya sido enviado puede ser cancelado. Si ya ha sido enviado se habr\u00e1 de tratar como una devoluci\u00f3n. En caso de devoluci\u00f3n el pedido ha de estar intacto, tanto en su contenido como en su embalaje, corriendo a su cargo los gastos de transporte para su devoluci\u00f3n. Plazo m\u00e1ximo para devoluciones: 7 d\u00edas. Si un pedido llegase defectuoso o err\u00f3neo, los gastos de transporte para su devoluci\u00f3n ser\u00edan a nuestro cargo.<\/p>\n","protected":false},"excerpt":{"rendered":"<p>ENV\u00cdOS \u00bfEnvi\u00e1is vuestros art\u00edculos a cualquier sitio? En principio, tan s\u00f3lo realizamos env\u00edos en el Principado de Andorra sin coste adicional. El coste adicional para env\u00edos en Espa\u00f1a es de 10\u20ac y para el resto de pa\u00edses europeos, el coste es de 30\u20ac. Para cualquier duda, pueden contactar con nosotros en info@orbixandorra.com o llam\u00e1ndonos al [&hellip;]<\/p>\n","protected":false},"author":1,"featured_media":0,"parent":0,"menu_order":0,"comment_status":"closed","ping_status":"closed","template":"","meta":{"footnotes":""},"class_list":["post-310","page","type-page","status-publish","hentry"],"_links":{"self":[{"href":"https:\/\/orbixandorra.com\/index.php\/wp-json\/wp\/v2\/pages\/310","targetHints":{"allow":["GET"]}}],"collection":[{"href":"https:\/\/orbixandorra.com\/index.php\/wp-json\/wp\/v2\/pages"}],"about":[{"href":"https:\/\/orbixandorra.com\/index.php\/wp-json\/wp\/v2\/types\/page"}],"author":[{"embeddable":true,"href":"https:\/\/orbixandorra.com\/index.php\/wp-json\/wp\/v2\/users\/1"}],"replies":[{"embeddable":true,"href":"https:\/\/orbixandorra.com\/index.php\/wp-json\/wp\/v2\/comments?post=310"}],"version-history":[{"count":4,"href":"https:\/\/orbixandorra.com\/index.php\/wp-json\/wp\/v2\/pages\/310\/revisions"}],"predecessor-version":[{"id":797,"href":"https:\/\/orbixandorra.com\/index.php\/wp-json\/wp\/v2\/pages\/310\/revisions\/797"}],"wp:attachment":[{"href":"https:\/\/orbixandorra.com\/index.php\/wp-json\/wp\/v2\/media?parent=310"}],"curies":[{"name":"wp","href":"https:\/\/api.w.org\/{rel}","templated":true}]}}