{"id":304,"date":"2017-04-03T10:20:49","date_gmt":"2017-04-03T10:20:49","guid":{"rendered":"http:\/\/casadanesa.apps-1and1.net\/?page_id=304"},"modified":"2017-07-29T10:42:44","modified_gmt":"2017-07-29T10:42:44","slug":"transporte-y-garantia","status":"publish","type":"page","link":"https:\/\/orbixandorra.com\/index.php\/transporte-y-garantia\/","title":{"rendered":"Transporte y garant\u00eda"},"content":{"rendered":"<h2 style=\"text-align: center;\"><span style=\"color: #b50000;\">TRANSPORTE<\/span><\/h2>\n<p>&nbsp;<\/p>\n<p><strong>\u00bfHay <\/strong><strong>un<\/strong><strong> importe m\u00ednimo de pedido para los env\u00edos?<\/strong><\/p>\n<hr \/>\n<p><strong>\u00a0<\/strong>No hay un pedido m\u00ednimo para realizar una compra.<\/p>\n<p>&nbsp;<\/p>\n<h2 style=\"text-align: center;\"><span style=\"color: #b50000;\">GARANT\u00cdA<\/span><\/h2>\n<p>&nbsp;<\/p>\n<p><strong>\u00bf<\/strong><strong>Vuestros<\/strong><strong> art\u00edculos tienen <\/strong><strong>garant\u00eda<\/strong><strong>?\u00a0<\/strong><\/p>\n<hr \/>\n<p>Todos nuestros art\u00edculos tienen la garant\u00eda que dan los diferentes fabricantes de cada uno de nuestros productos.<\/p>\n<p>Los defectos o desperfectos debidos a una utilizaci\u00f3n o manipulaci\u00f3n incorrecta del producto, as\u00ed como el desgaste normal del mismo, no se incluyen en esta garant\u00eda.<\/p>\n<p>En el caso de que el producto sea defectuoso, Casa Danesa le garantiza el cambio del producto o el reembolso de su dinero. Para esto, deber\u00e1 ponerse en contacto con nosotros y le indicaremos como proceder para enviarnos el producto, junto con el comprobante de compra y posteriormente, previa comprobaci\u00f3n del defecto de fabricaci\u00f3n, le devolveremos el importe de su compra o le reemplazaremos el art\u00edculo.<\/p>\n","protected":false},"excerpt":{"rendered":"<p>TRANSPORTE &nbsp; \u00bfHay un importe m\u00ednimo de pedido para los env\u00edos? \u00a0No hay un pedido m\u00ednimo para realizar una compra. &nbsp; GARANT\u00cdA &nbsp; \u00bfVuestros art\u00edculos tienen garant\u00eda?\u00a0 Todos nuestros art\u00edculos tienen la garant\u00eda que dan los diferentes fabricantes de cada uno de nuestros productos. Los defectos o desperfectos debidos a una utilizaci\u00f3n o manipulaci\u00f3n incorrecta [&hellip;]<\/p>\n","protected":false},"author":1,"featured_media":0,"parent":0,"menu_order":0,"comment_status":"closed","ping_status":"closed","template":"","meta":{"footnotes":""},"class_list":["post-304","page","type-page","status-publish","hentry"],"_links":{"self":[{"href":"https:\/\/orbixandorra.com\/index.php\/wp-json\/wp\/v2\/pages\/304","targetHints":{"allow":["GET"]}}],"collection":[{"href":"https:\/\/orbixandorra.com\/index.php\/wp-json\/wp\/v2\/pages"}],"about":[{"href":"https:\/\/orbixandorra.com\/index.php\/wp-json\/wp\/v2\/types\/page"}],"author":[{"embeddable":true,"href":"https:\/\/orbixandorra.com\/index.php\/wp-json\/wp\/v2\/users\/1"}],"replies":[{"embeddable":true,"href":"https:\/\/orbixandorra.com\/index.php\/wp-json\/wp\/v2\/comments?post=304"}],"version-history":[{"count":5,"href":"https:\/\/orbixandorra.com\/index.php\/wp-json\/wp\/v2\/pages\/304\/revisions"}],"predecessor-version":[{"id":498,"href":"https:\/\/orbixandorra.com\/index.php\/wp-json\/wp\/v2\/pages\/304\/revisions\/498"}],"wp:attachment":[{"href":"https:\/\/orbixandorra.com\/index.php\/wp-json\/wp\/v2\/media?parent=304"}],"curies":[{"name":"wp","href":"https:\/\/api.w.org\/{rel}","templated":true}]}}