{"id":302,"date":"2017-04-03T10:15:10","date_gmt":"2017-04-03T10:15:10","guid":{"rendered":"http:\/\/casadanesa.apps-1and1.net\/?page_id=302"},"modified":"2017-04-03T10:15:10","modified_gmt":"2017-04-03T10:15:10","slug":"quienes-somos","status":"publish","type":"page","link":"https:\/\/orbixandorra.com\/index.php\/quienes-somos\/","title":{"rendered":"Qui\u00e9nes somos"},"content":{"rendered":"<p>Pronto har\u00e1 40 a\u00f1os que <span style=\"color: #bd0000;\"><strong>Casa Danesa<\/strong><\/span> abri\u00f3 sus puertas en la Pla\u00e7a Guillem\u00f3 de Andorra la Vella en el Principado de Andorra.<\/p>\n<p>En 2010 nos trasladamos aun local m\u00e1s grande y m\u00e1s cercano al centro: C\/Les Canals, 03 de Andorra la Vella, muy cerca de donde hemos estado siempre.<\/p>\n<p>En sus inicios fue el principal referente en art\u00edculos de decoraci\u00f3n y regalo escandinavos del sur de Europa.<\/p>\n<p>En constante evoluci\u00f3n, pero siempre manteniendo los principios de innovaci\u00f3n y originalidad, hemos ido ampliando nuestro campo de b\u00fasqueda a otros pa\u00edses europeos y americanos para poder ofrecer a nuestros clientes aquellos art\u00edculos m\u00e1s especiales y diferentes.<\/p>\n<p>Con el entusiasmo que da el reconocimiento de los clientes y amigos hechos a lo largo de los a\u00f1os, hemos querido dar un paso adelante con la realizaci\u00f3n de esta web, que ya es la vuestra. Contamos con vuestras sugerencias y comentarios para irla mejorando d\u00eda a d\u00eda.<\/p>\n<p>&nbsp;<\/p>\n<p><span style=\"color: #bd0000;\"><strong>Casa Danesa<\/strong><\/span>, donde todav\u00eda quedan peque\u00f1os tesoros y algunos sue\u00f1os se hacen realidad.<\/p>\n","protected":false},"excerpt":{"rendered":"<p>Pronto har\u00e1 40 a\u00f1os que Casa Danesa abri\u00f3 sus puertas en la Pla\u00e7a Guillem\u00f3 de Andorra la Vella en el Principado de Andorra. En 2010 nos trasladamos aun local m\u00e1s grande y m\u00e1s cercano al centro: C\/Les Canals, 03 de Andorra la Vella, muy cerca de donde hemos estado siempre. En sus inicios fue el [&hellip;]<\/p>\n","protected":false},"author":1,"featured_media":0,"parent":0,"menu_order":0,"comment_status":"closed","ping_status":"closed","template":"","meta":{"footnotes":""},"class_list":["post-302","page","type-page","status-publish","hentry"],"_links":{"self":[{"href":"https:\/\/orbixandorra.com\/index.php\/wp-json\/wp\/v2\/pages\/302","targetHints":{"allow":["GET"]}}],"collection":[{"href":"https:\/\/orbixandorra.com\/index.php\/wp-json\/wp\/v2\/pages"}],"about":[{"href":"https:\/\/orbixandorra.com\/index.php\/wp-json\/wp\/v2\/types\/page"}],"author":[{"embeddable":true,"href":"https:\/\/orbixandorra.com\/index.php\/wp-json\/wp\/v2\/users\/1"}],"replies":[{"embeddable":true,"href":"https:\/\/orbixandorra.com\/index.php\/wp-json\/wp\/v2\/comments?post=302"}],"version-history":[{"count":1,"href":"https:\/\/orbixandorra.com\/index.php\/wp-json\/wp\/v2\/pages\/302\/revisions"}],"predecessor-version":[{"id":303,"href":"https:\/\/orbixandorra.com\/index.php\/wp-json\/wp\/v2\/pages\/302\/revisions\/303"}],"wp:attachment":[{"href":"https:\/\/orbixandorra.com\/index.php\/wp-json\/wp\/v2\/media?parent=302"}],"curies":[{"name":"wp","href":"https:\/\/api.w.org\/{rel}","templated":true}]}}